{"id":2844,"date":"2018-03-06T08:16:16","date_gmt":"2018-03-06T08:16:16","guid":{"rendered":"https:\/\/gaviaspreview.com\/wp\/kipso\/?page_id=2844"},"modified":"2024-04-19T04:33:55","modified_gmt":"2024-04-19T04:33:55","slug":"meet-our-teachers","status":"publish","type":"page","link":"https:\/\/fanacademie.ca\/?page_id=2844","title":{"rendered":"Meet Our Teachers"},"content":{"rendered":"\t\t<div data-elementor-type=\"wp-post\" data-elementor-id=\"2844\" class=\"elementor elementor-2844\">\n\t\t\t\t\t\t<section class=\"elementor-section elementor-top-section elementor-element elementor-element-460bc05 elementor-section-boxed elementor-section-height-default elementor-section-height-default\" data-id=\"460bc05\" data-element_type=\"section\">\n\t\t\t\t\t\t<div class=\"elementor-container elementor-column-gap-default\">\n\t\t\t\t\t<div class=\"elementor-column elementor-col-50 elementor-top-column elementor-element elementor-element-1b918ac\" data-id=\"1b918ac\" data-element_type=\"column\">\n\t\t\t<div class=\"elementor-widget-wrap elementor-element-populated\">\n\t\t\t\t\t\t<div class=\"elementor-element elementor-element-5e47420 elementor-widget elementor-widget-gva-teams\" data-id=\"5e47420\" data-element_type=\"widget\" data-widget_type=\"gva-teams.default\">\n\t\t\t\t<div class=\"elementor-widget-container\">\n\t\t\t\t\t<div class=\"gva-element-gva-teams gva-element\">  \r\n  <div class=\"gva-teams-grid clearfix grid-ijao\">\r\n      <div class=\"gva-content-items\"> \r\n        <div class=\"lg-block-grid-3 md-block-grid-3 sm-block-grid-2 xs-block-grid-1\">\r\n          <div class=\"item-columns\"><div class=\"team-block team-v1\">\n\t\t\t<div class=\"team-image\">\n         <div class=\"team-image-inner\">\n\t\t \t  <a href=\"https:\/\/fanacademie.ca\/?gva_team=laurie-laforest-copy-copy\"><img decoding=\"async\" width=\"200\" height=\"200\" src=\"https:\/\/fanacademie.ca\/wp-content\/uploads\/2018\/03\/CA-Edith.jpeg\" class=\"attachment-medium size-medium wp-post-image\" alt=\"\" \/><\/a>\n         <\/div>  \n\t\t<\/div>\n\t\t<div class=\"team-content\">\n\t   <div class=\"team-name\"><a href=\"https:\/\/fanacademie.ca\/?gva_team=laurie-laforest-copy-copy\">Edith Mireille Fosto<\/a><\/div>\n\t      \n\t   \t<div class=\"team-job\">Enseignante langue fran\u00e7aise<\/div>\n\t   \t   <div class=\"team-body\">La consultante Edithe Mireille Fotso poss\u00e8de une longue<\/div>\n\t<\/div>\n       <div class=\"socials-team\">\n                        <a class=\"gva-social\" href=\"#\">\n              <i class=\"fab fa-twitter\"><\/i>\n           <\/a>\n           \n                        <a class=\"gva-social\" href=\"#\">\n              <i class=\"fab fa-facebook\"><\/i>\n           <\/a>\n           \n                        <a class=\"gva-social\" href=\"#\">\n              <i class=\"fab fa-pinterest-p\"><\/i>\n           <\/a>\n           \n                        <a class=\"gva-social\" href=\"#\">\n              <i class=\"fab fa-instagram\"><\/i>\n           <\/a>\n           \n          <\/div>\n  <\/div>  <\/div><div class=\"item-columns\"><div class=\"team-block team-v1\">\n\t\t\t<div class=\"team-image\">\n         <div class=\"team-image-inner\">\n\t\t \t  <a href=\"https:\/\/fanacademie.ca\/?gva_team=laurie-laforest-copy\"><img decoding=\"async\" width=\"200\" height=\"200\" src=\"https:\/\/fanacademie.ca\/wp-content\/uploads\/2018\/03\/Boris54.jpg\" class=\"attachment-medium size-medium wp-post-image\" alt=\"\" \/><\/a>\n         <\/div>  \n\t\t<\/div>\n\t\t<div class=\"team-content\">\n\t   <div class=\"team-name\"><a href=\"https:\/\/fanacademie.ca\/?gva_team=laurie-laforest-copy\">Boris Fotso<\/a><\/div>\n\t      \n\t   \t<div class=\"team-job\">Enseignant Langue fran\u00e7aise<\/div>\n\t   \t   <div class=\"team-body\">&#8230;<\/div>\n\t<\/div>\n       <div class=\"socials-team\">\n                        <a class=\"gva-social\" href=\"#\">\n              <i class=\"fab fa-twitter\"><\/i>\n           <\/a>\n           \n                        <a class=\"gva-social\" href=\"#\">\n              <i class=\"fab fa-facebook\"><\/i>\n           <\/a>\n           \n                        <a class=\"gva-social\" href=\"#\">\n              <i class=\"fab fa-pinterest-p\"><\/i>\n           <\/a>\n           \n                        <a class=\"gva-social\" href=\"#\">\n              <i class=\"fab fa-instagram\"><\/i>\n           <\/a>\n           \n          <\/div>\n  <\/div>  <\/div><div class=\"item-columns\"><div class=\"team-block team-v1\">\n\t\t\t<div class=\"team-image\">\n         <div class=\"team-image-inner\">\n\t\t \t  <a href=\"https:\/\/fanacademie.ca\/?gva_team=laurie-laforest\"><img fetchpriority=\"high\" decoding=\"async\" width=\"600\" height=\"510\" src=\"https:\/\/fanacademie.ca\/wp-content\/uploads\/2018\/02\/black-woman-smiling-portrait-vector-600nw-2281497689.jpg-600x510.webp\" class=\"attachment-medium size-medium wp-post-image\" alt=\"\" \/><\/a>\n         <\/div>  \n\t\t<\/div>\n\t\t<div class=\"team-content\">\n\t   <div class=\"team-name\"><a href=\"https:\/\/fanacademie.ca\/?gva_team=laurie-laforest\">Thabitha Fotsing<\/a><\/div>\n\t      \n\t   \t<div class=\"team-job\">Enseignante Langue fran\u00e7aise<\/div>\n\t   \t   <div class=\"team-body\">&#8230;<\/div>\n\t<\/div>\n       <div class=\"socials-team\">\n                        <a class=\"gva-social\" href=\"#\">\n              <i class=\"fab fa-facebook\"><\/i>\n           <\/a>\n           \n                        <a class=\"gva-social\" href=\"#\">\n              <i class=\"fab fa-pinterest-p\"><\/i>\n           <\/a>\n           \n                        <a class=\"gva-social\" href=\"#\">\n              <i class=\"fab fa-instagram\"><\/i>\n           <\/a>\n           \n                        <a class=\"gva-social\" href=\"\">\n              <i class=\"fab fa-twitter\"><\/i>\n           <\/a>\n           \n          <\/div>\n  <\/div>  <\/div><div class=\"item-columns\"><div class=\"team-block team-v1\">\n\t\t\t<div class=\"team-image\">\n         <div class=\"team-image-inner\">\n\t\t \t  <a href=\"https:\/\/fanacademie.ca\/?gva_team=chelsea-deitch\"><img loading=\"lazy\" decoding=\"async\" width=\"500\" height=\"500\" src=\"https:\/\/fanacademie.ca\/wp-content\/uploads\/2018\/02\/NBK.jpg\" class=\"attachment-medium size-medium wp-post-image\" alt=\"\" \/><\/a>\n         <\/div>  \n\t\t<\/div>\n\t\t<div class=\"team-content\">\n\t   <div class=\"team-name\"><a href=\"https:\/\/fanacademie.ca\/?gva_team=chelsea-deitch\">Nono Basubi<\/a><\/div>\n\t      \n\t   \t<div class=\"team-job\">Enseignant Informatique de Base<\/div>\n\t   \t   <div class=\"team-body\">&#8230;<\/div>\n\t<\/div>\n       <div class=\"socials-team\">\n                        <a class=\"gva-social\" href=\"#\">\n              <i class=\"fab fa-twitter\"><\/i>\n           <\/a>\n           \n                        <a class=\"gva-social\" href=\"#\">\n              <i class=\"fab fa-facebook\"><\/i>\n           <\/a>\n           \n                        <a class=\"gva-social\" href=\"#\">\n              <i class=\"fab fa-pinterest-p\"><\/i>\n           <\/a>\n           \n                        <a class=\"gva-social\" href=\"#\">\n              <i class=\"fab fa-instagram\"><\/i>\n           <\/a>\n           \n          <\/div>\n  <\/div>  <\/div><div class=\"item-columns\"><div class=\"team-block team-v1\">\n\t\t\t<div class=\"team-image\">\n         <div class=\"team-image-inner\">\n\t\t \t  <a href=\"https:\/\/fanacademie.ca\/?gva_team=ralph-marino\"><img loading=\"lazy\" decoding=\"async\" width=\"200\" height=\"200\" src=\"https:\/\/fanacademie.ca\/wp-content\/uploads\/2018\/03\/MMamba54.jpg\" class=\"attachment-medium size-medium wp-post-image\" alt=\"\" \/><\/a>\n         <\/div>  \n\t\t<\/div>\n\t\t<div class=\"team-content\">\n\t   <div class=\"team-name\"><a href=\"https:\/\/fanacademie.ca\/?gva_team=ralph-marino\">Odile Toko<\/a><\/div>\n\t      \n\t   \t<div class=\"team-job\">Enseignante<\/div>\n\t   \t   <div class=\"team-body\"><\/div>\n\t<\/div>\n       <div class=\"socials-team\">\n                        <a class=\"gva-social\" href=\"#\">\n              <i class=\"fab fa-twitter\"><\/i>\n           <\/a>\n           \n                        <a class=\"gva-social\" href=\"#\">\n              <i class=\"fab fa-facebook\"><\/i>\n           <\/a>\n           \n                        <a class=\"gva-social\" href=\"#\">\n              <i class=\"fab fa-pinterest-p\"><\/i>\n           <\/a>\n           \n                        <a class=\"gva-social\" href=\"#\">\n              <i class=\"fab fa-instagram\"><\/i>\n           <\/a>\n           \n          <\/div>\n  <\/div>  <\/div><div class=\"item-columns\"><div class=\"team-block team-v1\">\n\t\t\t<div class=\"team-image\">\n         <div class=\"team-image-inner\">\n\t\t \t  <a href=\"https:\/\/fanacademie.ca\/?gva_team=holly-hill\"><img loading=\"lazy\" decoding=\"async\" width=\"200\" height=\"200\" src=\"https:\/\/fanacademie.ca\/wp-content\/uploads\/2018\/03\/Maman54.jpg\" class=\"attachment-medium size-medium wp-post-image\" alt=\"\" \/><\/a>\n         <\/div>  \n\t\t<\/div>\n\t\t<div class=\"team-content\">\n\t   <div class=\"team-name\"><a href=\"https:\/\/fanacademie.ca\/?gva_team=holly-hill\">Jeannette Fotso<\/a><\/div>\n\t      \n\t   \t<div class=\"team-job\">Staff<\/div>\n\t   \t   <div class=\"team-body\">&#8230;<\/div>\n\t<\/div>\n       <div class=\"socials-team\">\n                        <a class=\"gva-social\" href=\"#\">\n              <i class=\"fab fa-twitter\"><\/i>\n           <\/a>\n           \n                        <a class=\"gva-social\" href=\"#\">\n              <i class=\"fab fa-facebook\"><\/i>\n           <\/a>\n           \n                        <a class=\"gva-social\" href=\"#\">\n              <i class=\"fab fa-pinterest-p\"><\/i>\n           <\/a>\n           \n                        <a class=\"gva-social\" href=\"#\">\n              <i class=\"fab fa-instagram\"><\/i>\n           <\/a>\n           \n          <\/div>\n  <\/div>  <\/div>        <\/div>\r\n      <\/div>\r\n                <div class=\"pagination\">\r\n              <div class=\"column one pager_wrapper\"><div class=\"pager\"><div class=\"paginations\"><a href=\"https:\/\/fanacademie.ca\/index.php?rest_route=%2Fwp%2Fv2%2Fpages%2F2844\" class=\"page-item active\">1<\/a><a href=\"https:\/\/fanacademie.ca\/index.php?rest_route=%2Fwp%2Fv2%2Fpages%2F2844&#038;paged=2\" class=\"page-item\">2<\/a><a class=\"next_page\" href=\"https:\/\/fanacademie.ca\/index.php?rest_route=%2Fwp%2Fv2%2Fpages%2F2844&#038;paged=2\"><i class=\"gv-icon-165\"><\/i><\/a><\/div><\/div><\/div>\n          <\/div>\r\n        <\/div>\r\n  <\/div>\t\t\t\t<\/div>\n\t\t\t\t<\/div>\n\t\t\t\t\t<\/div>\n\t\t<\/div>\n\t\t\t\t<div class=\"elementor-column elementor-col-50 elementor-top-column elementor-element elementor-element-24ec9b8\" data-id=\"24ec9b8\" data-element_type=\"column\">\n\t\t\t<div class=\"elementor-widget-wrap elementor-element-populated\">\n\t\t\t\t\t\t<div class=\"elementor-element elementor-element-d5eb68d wp-sidebar elementor-widget elementor-widget-sidebar\" data-id=\"d5eb68d\" data-element_type=\"widget\" data-widget_type=\"sidebar.default\">\n\t\t\t\t<div class=\"elementor-widget-container\">\n\t\t\t\t\t\n\t\t<aside id=\"recent-posts-3\" class=\"widget clearfix widget_recent_entries\">\n\t\t<h3 class=\"widget-title\"><span>Recent Posts<\/span><\/h3>\n\t\t<ul>\n\t\t\t\t\t\t\t\t\t\t\t<li>\n\t\t\t\t\t<a href=\"https:\/\/fanacademie.ca\/?p=1\">Hello world!<\/a>\n\t\t\t\t\t\t\t\t\t\t\t<span class=\"post-date\">avril 14, 2024<\/span>\n\t\t\t\t\t\t\t\t\t<\/li>\n\t\t\t\t\t\t\t\t\t\t\t<li>\n\t\t\t\t\t<a href=\"https:\/\/fanacademie.ca\/?p=257\">Many important brands have given us their trust<\/a>\n\t\t\t\t\t\t\t\t\t\t\t<span class=\"post-date\">janvier 3, 2016<\/span>\n\t\t\t\t\t\t\t\t\t<\/li>\n\t\t\t\t\t\t\t\t\t\t\t<li>\n\t\t\t\t\t<a href=\"https:\/\/fanacademie.ca\/?p=254\">Future where technology creates good jobs<\/a>\n\t\t\t\t\t\t\t\t\t\t\t<span class=\"post-date\">janvier 3, 2016<\/span>\n\t\t\t\t\t\t\t\t\t<\/li>\n\t\t\t\t\t<\/ul>\n\n\t\t<\/aside><aside id=\"custom_html-4\" class=\"widget_text widget clearfix widget_custom_html\"><div class=\"textwidget custom-html-widget\"><div class=\"download-box\">\r\n\t<a href=\"#\">Download Our Details<\/a>\r\n<\/div><\/div><\/aside>\t\t\t\t<\/div>\n\t\t\t\t<\/div>\n\t\t\t\t\t<\/div>\n\t\t<\/div>\n\t\t\t\t\t<\/div>\n\t\t<\/section>\n\t\t\t\t<\/div>\n\t\t","protected":false},"excerpt":{"rendered":"<p>Edith Mireille Fosto Pr\u00e9sidente du FANA La consultante Edithe Mireille Fotso poss\u00e8de une longue Boris Fotso Charg\u00e9 des Finances &#8211; Enseignant &#8230; Fotso membre du CA &#8230; Xxxx Yyyyy Membre du CA &#8230; Yyyy Xxxl Student Vvvv Yyyy Membre du CA &#8230; 12<\/p>\n","protected":false},"author":1,"featured_media":0,"parent":0,"menu_order":0,"comment_status":"closed","ping_status":"closed","template":"","meta":{"footnotes":""},"class_list":["post-2844","page","type-page","status-publish","hentry"],"_links":{"self":[{"href":"https:\/\/fanacademie.ca\/index.php?rest_route=\/wp\/v2\/pages\/2844","targetHints":{"allow":["GET"]}}],"collection":[{"href":"https:\/\/fanacademie.ca\/index.php?rest_route=\/wp\/v2\/pages"}],"about":[{"href":"https:\/\/fanacademie.ca\/index.php?rest_route=\/wp\/v2\/types\/page"}],"author":[{"embeddable":true,"href":"https:\/\/fanacademie.ca\/index.php?rest_route=\/wp\/v2\/users\/1"}],"replies":[{"embeddable":true,"href":"https:\/\/fanacademie.ca\/index.php?rest_route=%2Fwp%2Fv2%2Fcomments&post=2844"}],"version-history":[{"count":1,"href":"https:\/\/fanacademie.ca\/index.php?rest_route=\/wp\/v2\/pages\/2844\/revisions"}],"predecessor-version":[{"id":7497,"href":"https:\/\/fanacademie.ca\/index.php?rest_route=\/wp\/v2\/pages\/2844\/revisions\/7497"}],"wp:attachment":[{"href":"https:\/\/fanacademie.ca\/index.php?rest_route=%2Fwp%2Fv2%2Fmedia&parent=2844"}],"curies":[{"name":"wp","href":"https:\/\/api.w.org\/{rel}","templated":true}]}}