{"id":1397,"date":"2016-07-24T02:43:11","date_gmt":"2016-07-24T02:43:11","guid":{"rendered":"https:\/\/gaviaspreview.com\/wp\/kipso\/?page_id=1397"},"modified":"2024-05-14T14:21:32","modified_gmt":"2024-05-14T14:21:32","slug":"sponsors","status":"publish","type":"page","link":"https:\/\/fanacademie.ca\/?page_id=1397","title":{"rendered":"Le Conseil d&rsquo;administration"},"content":{"rendered":"\t\t<div data-elementor-type=\"wp-post\" data-elementor-id=\"1397\" class=\"elementor elementor-1397\">\n\t\t\t\t\t\t<section class=\"elementor-section elementor-top-section elementor-element elementor-element-edb9324 elementor-section-boxed elementor-section-height-default elementor-section-height-default\" data-id=\"edb9324\" data-element_type=\"section\">\n\t\t\t\t\t\t<div class=\"elementor-container elementor-column-gap-default\">\n\t\t\t\t\t<div class=\"elementor-column elementor-col-33 elementor-top-column elementor-element elementor-element-9933010\" data-id=\"9933010\" data-element_type=\"column\">\n\t\t\t<div class=\"elementor-widget-wrap elementor-element-populated\">\n\t\t\t\t\t\t<div class=\"elementor-element elementor-element-8a687eb elementor-view-default elementor-vertical-align-top elementor-widget elementor-widget-gva-icon-box-classic\" data-id=\"8a687eb\" data-element_type=\"widget\" data-widget_type=\"gva-icon-box-classic.default\">\n\t\t\t\t<div class=\"elementor-widget-container\">\n\t\t\t\t\t<div class=\"gva-element-gva-icon-box-classic gva-element\">   \n         <div class=\"widget gsc-icon-box top-center\">\n         \n                     <div class=\"highlight-icon has-image-icon\">\n                                 <span class=\"icon icon-image elementor-icon\"><img decoding=\"async\" src=\"https:\/\/fanacademie.ca\/wp-content\/uploads\/2024\/05\/EDITH-SCARE.jpg\" alt=\"Edith Mireille F.\"\/><\/span>\n                  \n            <\/div>\n         \n         <div class=\"highlight_content\">\n                           <div class=\"sub-title\">Pr\u00e9sidente<\/div>\n                        <h3 class=\"title\">\n            <span >Edith Mireille F.<\/span>\n            <\/h3>\n                     <\/div>\n\n         \n      <\/div>   \n   <\/div>\t\t\t\t<\/div>\n\t\t\t\t<\/div>\n\t\t\t\t\t<\/div>\n\t\t<\/div>\n\t\t\t\t<div class=\"elementor-column elementor-col-33 elementor-top-column elementor-element elementor-element-4bafcf4\" data-id=\"4bafcf4\" data-element_type=\"column\">\n\t\t\t<div class=\"elementor-widget-wrap elementor-element-populated\">\n\t\t\t\t\t\t<div class=\"elementor-element elementor-element-5edc0af elementor-view-default elementor-vertical-align-top elementor-widget elementor-widget-gva-icon-box-classic\" data-id=\"5edc0af\" data-element_type=\"widget\" data-widget_type=\"gva-icon-box-classic.default\">\n\t\t\t\t<div class=\"elementor-widget-container\">\n\t\t\t\t\t<div class=\"gva-element-gva-icon-box-classic gva-element\">   \n         <div class=\"widget gsc-icon-box top-center\">\n         \n                     <div class=\"highlight-icon has-image-icon\">\n                                 <span class=\"icon icon-image elementor-icon\"><img decoding=\"async\" src=\"https:\/\/fanacademie.ca\/wp-content\/uploads\/2024\/05\/emma.2_aug_19_0.jpg\" alt=\"Emmanuelle R.\"\/><\/span>\n                  \n            <\/div>\n         \n         <div class=\"highlight_content\">\n                           <div class=\"sub-title\">Vice Pr\u00e9sidente<\/div>\n                        <h3 class=\"title\">\n            <span >Emmanuelle R.<\/span>\n            <\/h3>\n                     <\/div>\n\n         \n      <\/div>   \n   <\/div>\t\t\t\t<\/div>\n\t\t\t\t<\/div>\n\t\t\t\t\t<\/div>\n\t\t<\/div>\n\t\t\t\t<div class=\"elementor-column elementor-col-33 elementor-top-column elementor-element elementor-element-25dd983\" data-id=\"25dd983\" data-element_type=\"column\">\n\t\t\t<div class=\"elementor-widget-wrap elementor-element-populated\">\n\t\t\t\t\t\t<div class=\"elementor-element elementor-element-eef2bf2 elementor-view-default elementor-vertical-align-top elementor-widget elementor-widget-gva-icon-box-classic\" data-id=\"eef2bf2\" data-element_type=\"widget\" data-widget_type=\"gva-icon-box-classic.default\">\n\t\t\t\t<div class=\"elementor-widget-container\">\n\t\t\t\t\t<div class=\"gva-element-gva-icon-box-classic gva-element\">   \n         <div class=\"widget gsc-icon-box top-center\">\n         \n                     <div class=\"highlight-icon has-image-icon\">\n                                 <span class=\"icon icon-image elementor-icon\"><img decoding=\"async\" src=\"https:\/\/fanacademie.ca\/wp-content\/uploads\/2018\/03\/CA-FRR-scaled.jpg\" alt=\"Serge D.\"\/><\/span>\n                  \n            <\/div>\n         \n         <div class=\"highlight_content\">\n                           <div class=\"sub-title\">Secr\u00e9taire<\/div>\n                        <h3 class=\"title\">\n            <span >Serge D.<\/span>\n            <\/h3>\n                     <\/div>\n\n         \n      <\/div>   \n   <\/div>\t\t\t\t<\/div>\n\t\t\t\t<\/div>\n\t\t\t\t\t<\/div>\n\t\t<\/div>\n\t\t\t\t\t<\/div>\n\t\t<\/section>\n\t\t\t\t<section class=\"elementor-section elementor-top-section elementor-element elementor-element-8741f0f elementor-section-boxed elementor-section-height-default elementor-section-height-default\" data-id=\"8741f0f\" data-element_type=\"section\">\n\t\t\t\t\t\t<div class=\"elementor-container elementor-column-gap-default\">\n\t\t\t\t\t<div class=\"elementor-column elementor-col-33 elementor-top-column elementor-element elementor-element-8eefc69\" data-id=\"8eefc69\" data-element_type=\"column\">\n\t\t\t<div class=\"elementor-widget-wrap elementor-element-populated\">\n\t\t\t\t\t\t<div class=\"elementor-element elementor-element-7ea52bc elementor-view-default elementor-vertical-align-top elementor-widget elementor-widget-gva-icon-box-classic\" data-id=\"7ea52bc\" data-element_type=\"widget\" data-widget_type=\"gva-icon-box-classic.default\">\n\t\t\t\t<div class=\"elementor-widget-container\">\n\t\t\t\t\t<div class=\"gva-element-gva-icon-box-classic gva-element\">   \n         <div class=\"widget gsc-icon-box top-center\">\n         \n                     <div class=\"highlight-icon has-image-icon\">\n                                 <span class=\"icon icon-image elementor-icon\"><img decoding=\"async\" src=\"https:\/\/fanacademie.ca\/wp-content\/uploads\/2018\/03\/CA-BORIS.jpg\" alt=\"Boris F. \"\/><\/span>\n                  \n            <\/div>\n         \n         <div class=\"highlight_content\">\n                           <div class=\"sub-title\">Tr\u00e9sorier<\/div>\n                        <h3 class=\"title\">\n            <span >Boris F. <\/span>\n            <\/h3>\n                     <\/div>\n\n         \n      <\/div>   \n   <\/div>\t\t\t\t<\/div>\n\t\t\t\t<\/div>\n\t\t\t\t\t<\/div>\n\t\t<\/div>\n\t\t\t\t<div class=\"elementor-column elementor-col-33 elementor-top-column elementor-element elementor-element-4a81058\" data-id=\"4a81058\" data-element_type=\"column\">\n\t\t\t<div class=\"elementor-widget-wrap elementor-element-populated\">\n\t\t\t\t\t\t<div class=\"elementor-element elementor-element-e798db1 elementor-view-default elementor-vertical-align-top elementor-widget elementor-widget-gva-icon-box-classic\" data-id=\"e798db1\" data-element_type=\"widget\" data-widget_type=\"gva-icon-box-classic.default\">\n\t\t\t\t<div class=\"elementor-widget-container\">\n\t\t\t\t\t<div class=\"gva-element-gva-icon-box-classic gva-element\">   \n         <div class=\"widget gsc-icon-box top-center\">\n         \n                     <div class=\"highlight-icon has-image-icon\">\n                                 <span class=\"icon icon-image elementor-icon\"><img decoding=\"async\" src=\"https:\/\/fanacademie.ca\/wp-content\/uploads\/2018\/03\/CA-CEDRCK.jpg\" alt=\"Cedric A.\"\/><\/span>\n                  \n            <\/div>\n         \n         <div class=\"highlight_content\">\n                           <div class=\"sub-title\">Secretaire permanent<\/div>\n                        <h3 class=\"title\">\n            <span >Cedric A.<\/span>\n            <\/h3>\n                     <\/div>\n\n         \n      <\/div>   \n   <\/div>\t\t\t\t<\/div>\n\t\t\t\t<\/div>\n\t\t\t\t\t<\/div>\n\t\t<\/div>\n\t\t\t\t<div class=\"elementor-column elementor-col-33 elementor-top-column elementor-element elementor-element-6cd1428\" data-id=\"6cd1428\" data-element_type=\"column\">\n\t\t\t<div class=\"elementor-widget-wrap elementor-element-populated\">\n\t\t\t\t\t\t<div class=\"elementor-element elementor-element-f3becf7 elementor-view-default elementor-vertical-align-top elementor-widget elementor-widget-gva-icon-box-classic\" data-id=\"f3becf7\" data-element_type=\"widget\" data-widget_type=\"gva-icon-box-classic.default\">\n\t\t\t\t<div class=\"elementor-widget-container\">\n\t\t\t\t\t<div class=\"gva-element-gva-icon-box-classic gva-element\">   \n         <div class=\"widget gsc-icon-box top-center\">\n         \n                     <div class=\"highlight-icon has-image-icon\">\n                                 <span class=\"icon icon-image elementor-icon\"><img decoding=\"async\" src=\"https:\/\/fanacademie.ca\/wp-content\/uploads\/2018\/03\/CA-FOTSHO.jpg\" alt=\"Th\u00e9odore F.\"\/><\/span>\n                  \n            <\/div>\n         \n         <div class=\"highlight_content\">\n                           <div class=\"sub-title\">Membre du CA<\/div>\n                        <h3 class=\"title\">\n            <span >Th\u00e9odore F.<\/span>\n            <\/h3>\n                     <\/div>\n\n         \n      <\/div>   \n   <\/div>\t\t\t\t<\/div>\n\t\t\t\t<\/div>\n\t\t\t\t\t<\/div>\n\t\t<\/div>\n\t\t\t\t\t<\/div>\n\t\t<\/section>\n\t\t\t\t<section class=\"elementor-section elementor-top-section elementor-element elementor-element-c7e82b7 elementor-section-boxed elementor-section-height-default elementor-section-height-default\" data-id=\"c7e82b7\" data-element_type=\"section\">\n\t\t\t\t\t\t<div class=\"elementor-container elementor-column-gap-default\">\n\t\t\t\t\t<div class=\"elementor-column elementor-col-33 elementor-top-column elementor-element elementor-element-217f9c2\" data-id=\"217f9c2\" data-element_type=\"column\">\n\t\t\t<div class=\"elementor-widget-wrap elementor-element-populated\">\n\t\t\t\t\t\t<div class=\"elementor-element elementor-element-a191b5e elementor-view-default elementor-vertical-align-top elementor-widget elementor-widget-gva-icon-box-classic\" data-id=\"a191b5e\" data-element_type=\"widget\" data-widget_type=\"gva-icon-box-classic.default\">\n\t\t\t\t<div class=\"elementor-widget-container\">\n\t\t\t\t\t<div class=\"gva-element-gva-icon-box-classic gva-element\">   \n         <div class=\"widget gsc-icon-box top-center\">\n         \n                     <div class=\"highlight-icon has-image-icon\">\n                                 <span class=\"icon icon-image elementor-icon\"><img decoding=\"async\" src=\"https:\/\/fanacademie.ca\/wp-content\/uploads\/2024\/05\/avatar-homme.png\" alt=\"Antoine S.\"\/><\/span>\n                  \n            <\/div>\n         \n         <div class=\"highlight_content\">\n                           <div class=\"sub-title\">Membre du CA<\/div>\n                        <h3 class=\"title\">\n            <span >Antoine S.<\/span>\n            <\/h3>\n                     <\/div>\n\n         \n      <\/div>   \n   <\/div>\t\t\t\t<\/div>\n\t\t\t\t<\/div>\n\t\t\t\t\t<\/div>\n\t\t<\/div>\n\t\t\t\t<div class=\"elementor-column elementor-col-33 elementor-top-column elementor-element elementor-element-47efc16\" data-id=\"47efc16\" data-element_type=\"column\">\n\t\t\t<div class=\"elementor-widget-wrap elementor-element-populated\">\n\t\t\t\t\t\t<div class=\"elementor-element elementor-element-9a30314 elementor-view-default elementor-vertical-align-top elementor-widget elementor-widget-gva-icon-box-classic\" data-id=\"9a30314\" data-element_type=\"widget\" data-widget_type=\"gva-icon-box-classic.default\">\n\t\t\t\t<div class=\"elementor-widget-container\">\n\t\t\t\t\t<div class=\"gva-element-gva-icon-box-classic gva-element\">   \n         <div class=\"widget gsc-icon-box top-center\">\n         \n                     <div class=\"highlight-icon has-image-icon\">\n                                 <span class=\"icon icon-image elementor-icon\"><img decoding=\"async\" src=\"https:\/\/fanacademie.ca\/wp-content\/uploads\/2018\/03\/CA-Mm-scaled.jpg\" alt=\"Jeannette F.\"\/><\/span>\n                  \n            <\/div>\n         \n         <div class=\"highlight_content\">\n                           <div class=\"sub-title\">Membre du CA<\/div>\n                        <h3 class=\"title\">\n            <span >Jeannette F.<\/span>\n            <\/h3>\n                     <\/div>\n\n         \n      <\/div>   \n   <\/div>\t\t\t\t<\/div>\n\t\t\t\t<\/div>\n\t\t\t\t\t<\/div>\n\t\t<\/div>\n\t\t\t\t<div class=\"elementor-column elementor-col-33 elementor-top-column elementor-element elementor-element-fa53ddc\" data-id=\"fa53ddc\" data-element_type=\"column\">\n\t\t\t<div class=\"elementor-widget-wrap elementor-element-populated\">\n\t\t\t\t\t\t<div class=\"elementor-element elementor-element-986f776 elementor-view-default elementor-vertical-align-top elementor-widget elementor-widget-gva-icon-box-classic\" data-id=\"986f776\" data-element_type=\"widget\" data-widget_type=\"gva-icon-box-classic.default\">\n\t\t\t\t<div class=\"elementor-widget-container\">\n\t\t\t\t\t<div class=\"gva-element-gva-icon-box-classic gva-element\">   \n         <div class=\"widget gsc-icon-box top-center\">\n         \n                     <div class=\"highlight-icon has-image-icon\">\n                                 <span class=\"icon icon-image elementor-icon\"><img decoding=\"async\" src=\"https:\/\/fanacademie.ca\/wp-content\/uploads\/2024\/05\/BasubiKiswa2.jpg\" alt=\"Nono B.\"\/><\/span>\n                  \n            <\/div>\n         \n         <div class=\"highlight_content\">\n                           <div class=\"sub-title\">Membre du CA<\/div>\n                        <h3 class=\"title\">\n            <span >Nono B.<\/span>\n            <\/h3>\n                     <\/div>\n\n         \n      <\/div>   \n   <\/div>\t\t\t\t<\/div>\n\t\t\t\t<\/div>\n\t\t\t\t\t<\/div>\n\t\t<\/div>\n\t\t\t\t\t<\/div>\n\t\t<\/section>\n\t\t\t\t<section class=\"elementor-section elementor-top-section elementor-element elementor-element-3c7b987 elementor-section-boxed elementor-section-height-default elementor-section-height-default\" data-id=\"3c7b987\" data-element_type=\"section\">\n\t\t\t\t\t\t<div class=\"elementor-container elementor-column-gap-default\">\n\t\t\t\t\t<div class=\"elementor-column elementor-col-100 elementor-top-column elementor-element elementor-element-407d857\" data-id=\"407d857\" data-element_type=\"column\">\n\t\t\t<div class=\"elementor-widget-wrap\">\n\t\t\t\t\t\t\t<\/div>\n\t\t<\/div>\n\t\t\t\t\t<\/div>\n\t\t<\/section>\n\t\t\t\t<section class=\"elementor-section elementor-top-section elementor-element elementor-element-5bc9aff elementor-section-boxed elementor-section-height-default elementor-section-height-default\" data-id=\"5bc9aff\" data-element_type=\"section\" data-settings=\"{&quot;background_background&quot;:&quot;classic&quot;}\">\n\t\t\t\t\t\t<div class=\"elementor-container elementor-column-gap-default\">\n\t\t\t\t\t<div class=\"elementor-column elementor-col-33 elementor-top-column elementor-element elementor-element-055af08\" data-id=\"055af08\" data-element_type=\"column\">\n\t\t\t<div class=\"elementor-widget-wrap elementor-element-populated\">\n\t\t\t\t\t\t<div class=\"elementor-element elementor-element-f3c5a9f elementor-widget elementor-widget-counter\" data-id=\"f3c5a9f\" data-element_type=\"widget\" data-widget_type=\"counter.default\">\n\t\t\t\t<div class=\"elementor-widget-container\">\n\t\t\t\t\t\t\t<div class=\"elementor-counter\">\n\t\t\t<div class=\"elementor-counter-title\">Livres pr\u00eat\u00e9s au public<\/div>\t\t\t<div class=\"elementor-counter-number-wrapper\">\n\t\t\t\t<span class=\"elementor-counter-number-prefix\"><\/span>\n\t\t\t\t<span class=\"elementor-counter-number\" data-duration=\"2000\" data-to-value=\"3000\" data-from-value=\"1000\" data-delimiter=\",\">1000<\/span>\n\t\t\t\t<span class=\"elementor-counter-number-suffix\"><\/span>\n\t\t\t<\/div>\n\t\t<\/div>\n\t\t\t\t\t\t<\/div>\n\t\t\t\t<\/div>\n\t\t\t\t\t<\/div>\n\t\t<\/div>\n\t\t\t\t<div class=\"elementor-column elementor-col-33 elementor-top-column elementor-element elementor-element-660cdb7\" data-id=\"660cdb7\" data-element_type=\"column\">\n\t\t\t<div class=\"elementor-widget-wrap elementor-element-populated\">\n\t\t\t\t\t\t<div class=\"elementor-element elementor-element-dc6ccfa elementor-widget elementor-widget-counter\" data-id=\"dc6ccfa\" data-element_type=\"widget\" data-widget_type=\"counter.default\">\n\t\t\t\t<div class=\"elementor-widget-container\">\n\t\t\t\t\t\t\t<div class=\"elementor-counter\">\n\t\t\t<div class=\"elementor-counter-title\">personnes servies depuis la fondation <\/div>\t\t\t<div class=\"elementor-counter-number-wrapper\">\n\t\t\t\t<span class=\"elementor-counter-number-prefix\"><\/span>\n\t\t\t\t<span class=\"elementor-counter-number\" data-duration=\"2000\" data-to-value=\"2300\" data-from-value=\"1000\" data-delimiter=\",\">1000<\/span>\n\t\t\t\t<span class=\"elementor-counter-number-suffix\"><\/span>\n\t\t\t<\/div>\n\t\t<\/div>\n\t\t\t\t\t\t<\/div>\n\t\t\t\t<\/div>\n\t\t\t\t\t<\/div>\n\t\t<\/div>\n\t\t\t\t<div class=\"elementor-column elementor-col-33 elementor-top-column elementor-element elementor-element-184bd29\" data-id=\"184bd29\" data-element_type=\"column\">\n\t\t\t<div class=\"elementor-widget-wrap elementor-element-populated\">\n\t\t\t\t\t\t<div class=\"elementor-element elementor-element-577ef76 elementor-widget elementor-widget-counter\" data-id=\"577ef76\" data-element_type=\"widget\" data-widget_type=\"counter.default\">\n\t\t\t\t<div class=\"elementor-widget-container\">\n\t\t\t\t\t\t\t<div class=\"elementor-counter\">\n\t\t\t<div class=\"elementor-counter-title\">B\u00e9n\u00e9voles et enseignant.e.s certifi\u00e9.e.s <\/div>\t\t\t<div class=\"elementor-counter-number-wrapper\">\n\t\t\t\t<span class=\"elementor-counter-number-prefix\"><\/span>\n\t\t\t\t<span class=\"elementor-counter-number\" data-duration=\"2000\" data-to-value=\"54\" data-from-value=\"0\" data-delimiter=\",\">0<\/span>\n\t\t\t\t<span class=\"elementor-counter-number-suffix\"><\/span>\n\t\t\t<\/div>\n\t\t<\/div>\n\t\t\t\t\t\t<\/div>\n\t\t\t\t<\/div>\n\t\t\t\t\t<\/div>\n\t\t<\/div>\n\t\t\t\t\t<\/div>\n\t\t<\/section>\n\t\t\t\t<section class=\"elementor-section elementor-top-section elementor-element elementor-element-67b3e6f elementor-section-boxed elementor-section-height-default elementor-section-height-default\" data-id=\"67b3e6f\" data-element_type=\"section\">\n\t\t\t\t\t\t<div class=\"elementor-container elementor-column-gap-default\">\n\t\t\t\t\t<div class=\"elementor-column elementor-col-100 elementor-top-column elementor-element elementor-element-c279434\" data-id=\"c279434\" data-element_type=\"column\">\n\t\t\t<div class=\"elementor-widget-wrap elementor-element-populated\">\n\t\t\t\t\t\t<div class=\"elementor-element elementor-element-2fe8289 elementor-widget elementor-widget-spacer\" data-id=\"2fe8289\" data-element_type=\"widget\" data-widget_type=\"spacer.default\">\n\t\t\t\t<div class=\"elementor-widget-container\">\n\t\t\t\t\t\t\t<div class=\"elementor-spacer\">\n\t\t\t<div class=\"elementor-spacer-inner\"><\/div>\n\t\t<\/div>\n\t\t\t\t\t\t<\/div>\n\t\t\t\t<\/div>\n\t\t\t\t\t<\/div>\n\t\t<\/div>\n\t\t\t\t\t<\/div>\n\t\t<\/section>\n\t\t\t\t<\/div>\n\t\t","protected":false},"excerpt":{"rendered":"<p>Pr\u00e9sidente Edith Mireille F. Vice Pr\u00e9sidente Emmanuelle R. Secr\u00e9taire Serge D. Tr\u00e9sorier Boris F. Secretaire permanent Cedric A. Membre du CA Th\u00e9odore F. Membre du CA Antoine S. Membre du CA Jeannette F. Membre du CA Nono B. Livres pr\u00eat\u00e9s au public 1000 personnes servies depuis la fondation 1000 B\u00e9n\u00e9voles et enseignant.e.s certifi\u00e9.e.s 0<\/p>\n","protected":false},"author":1,"featured_media":0,"parent":0,"menu_order":0,"comment_status":"closed","ping_status":"closed","template":"","meta":{"footnotes":""},"class_list":["post-1397","page","type-page","status-publish","hentry"],"_links":{"self":[{"href":"https:\/\/fanacademie.ca\/index.php?rest_route=\/wp\/v2\/pages\/1397","targetHints":{"allow":["GET"]}}],"collection":[{"href":"https:\/\/fanacademie.ca\/index.php?rest_route=\/wp\/v2\/pages"}],"about":[{"href":"https:\/\/fanacademie.ca\/index.php?rest_route=\/wp\/v2\/types\/page"}],"author":[{"embeddable":true,"href":"https:\/\/fanacademie.ca\/index.php?rest_route=\/wp\/v2\/users\/1"}],"replies":[{"embeddable":true,"href":"https:\/\/fanacademie.ca\/index.php?rest_route=%2Fwp%2Fv2%2Fcomments&post=1397"}],"version-history":[{"count":31,"href":"https:\/\/fanacademie.ca\/index.php?rest_route=\/wp\/v2\/pages\/1397\/revisions"}],"predecessor-version":[{"id":7669,"href":"https:\/\/fanacademie.ca\/index.php?rest_route=\/wp\/v2\/pages\/1397\/revisions\/7669"}],"wp:attachment":[{"href":"https:\/\/fanacademie.ca\/index.php?rest_route=%2Fwp%2Fv2%2Fmedia&parent=1397"}],"curies":[{"name":"wp","href":"https:\/\/api.w.org\/{rel}","templated":true}]}}